{"id":21493,"date":"2024-09-24T17:07:48","date_gmt":"2024-09-24T15:07:48","guid":{"rendered":"https:\/\/szenterzsebetiskolamor.hu\/wp\/?page_id=21493"},"modified":"2025-10-08T12:19:50","modified_gmt":"2025-10-08T10:19:50","slug":"2-a-osztaly-3","status":"publish","type":"page","link":"https:\/\/szenterzsebetiskolamor.hu\/wp\/tanuloink\/2-a-osztaly-3\/","title":{"rendered":"2.a oszt\u00e1ly"},"content":{"rendered":"\n<p>Oszt\u00e1lyf\u0151n\u00f6k\u00f6k: Leitner Zs\u00f3fia \u00e9s R\u00e1czn\u00e9 Klock Andrea<\/p>\n\n\n\n<figure class=\"wp-block-image size-large\"><a href=\"https:\/\/szenterzsebetiskolamor.hu\/wp\/wp-content\/uploads\/2025\/10\/2.a-osztaly.webp\" data-rel=\"lightbox-gallery-bGlnaHRib3gtZ2FsbGVyeS0w\" data-rl_title=\"\" data-rl_caption=\"\" data-rl_title=\"\" data-rl_caption=\"\" class=\"swipebox\" title=\"\"><img loading=\"lazy\" decoding=\"async\" width=\"1024\" height=\"768\" src=\"https:\/\/szenterzsebetiskolamor.hu\/wp\/wp-content\/uploads\/2025\/10\/2.a-osztaly-1024x768.webp\" alt=\"\" class=\"wp-image-24436\" srcset=\"https:\/\/szenterzsebetiskolamor.hu\/wp\/wp-content\/uploads\/2025\/10\/2.a-osztaly-1024x768.webp 1024w, https:\/\/szenterzsebetiskolamor.hu\/wp\/wp-content\/uploads\/2025\/10\/2.a-osztaly-200x150.webp 200w, https:\/\/szenterzsebetiskolamor.hu\/wp\/wp-content\/uploads\/2025\/10\/2.a-osztaly-768x576.webp 768w, https:\/\/szenterzsebetiskolamor.hu\/wp\/wp-content\/uploads\/2025\/10\/2.a-osztaly-1536x1152.webp 1536w, https:\/\/szenterzsebetiskolamor.hu\/wp\/wp-content\/uploads\/2025\/10\/2.a-osztaly.webp 1920w\" sizes=\"auto, (max-width: 1024px) 100vw, 1024px\" \/><\/a><\/figure>\n","protected":false},"excerpt":{"rendered":"<p>Oszt\u00e1lyf\u0151n\u00f6k\u00f6k: Leitner Zs\u00f3fia \u00e9s R\u00e1czn\u00e9 Klock Andrea<\/p>\n","protected":false},"author":2,"featured_media":0,"parent":7,"menu_order":0,"comment_status":"closed","ping_status":"closed","template":"","meta":{"footnotes":""},"class_list":["post-21493","page","type-page","status-publish","hentry"],"_links":{"self":[{"href":"https:\/\/szenterzsebetiskolamor.hu\/wp\/wp-json\/wp\/v2\/pages\/21493","targetHints":{"allow":["GET"]}}],"collection":[{"href":"https:\/\/szenterzsebetiskolamor.hu\/wp\/wp-json\/wp\/v2\/pages"}],"about":[{"href":"https:\/\/szenterzsebetiskolamor.hu\/wp\/wp-json\/wp\/v2\/types\/page"}],"author":[{"embeddable":true,"href":"https:\/\/szenterzsebetiskolamor.hu\/wp\/wp-json\/wp\/v2\/users\/2"}],"replies":[{"embeddable":true,"href":"https:\/\/szenterzsebetiskolamor.hu\/wp\/wp-json\/wp\/v2\/comments?post=21493"}],"version-history":[{"count":3,"href":"https:\/\/szenterzsebetiskolamor.hu\/wp\/wp-json\/wp\/v2\/pages\/21493\/revisions"}],"predecessor-version":[{"id":24437,"href":"https:\/\/szenterzsebetiskolamor.hu\/wp\/wp-json\/wp\/v2\/pages\/21493\/revisions\/24437"}],"up":[{"embeddable":true,"href":"https:\/\/szenterzsebetiskolamor.hu\/wp\/wp-json\/wp\/v2\/pages\/7"}],"wp:attachment":[{"href":"https:\/\/szenterzsebetiskolamor.hu\/wp\/wp-json\/wp\/v2\/media?parent=21493"}],"curies":[{"name":"wp","href":"https:\/\/api.w.org\/{rel}","templated":true}]}}