{"id":13772,"date":"2021-10-28T17:51:44","date_gmt":"2021-10-28T15:51:44","guid":{"rendered":"http:\/\/szenterzsebetiskolamor.hu\/wp\/?page_id=13772"},"modified":"2024-02-07T18:42:29","modified_gmt":"2024-02-07T16:42:29","slug":"felvetelek-2021-2022-tanev","status":"publish","type":"page","link":"https:\/\/szenterzsebetiskolamor.hu\/wp\/videotar-hangtar\/felvetelek-2021-2022-tanev\/","title":{"rendered":"Felv\u00e9telek 2021-2022. tan\u00e9v"},"content":{"rendered":"\n<div class=\"wp-block-query is-layout-flow wp-block-query-is-layout-flow\"><ul class=\"wp-block-post-template is-layout-flow wp-block-post-template-is-layout-flow\"><li class=\"wp-block-post post-14285 post type-post status-publish format-standard hentry category-videok category-videok-2122\">\n<h2 class=\"wp-block-post-title\"><a href=\"https:\/\/szenterzsebetiskolamor.hu\/wp\/temesvari-borbala-gordonka-2022\/\" target=\"_self\" >Temesv\u00e1ri Borb\u00e1la gordonka 2022<\/a><\/h2>\n\n\n<div class=\"wp-block-group is-content-justification-space-between is-nowrap is-layout-flex wp-container-core-group-is-layout-1 wp-block-group-is-layout-flex\"><div style=\"background-color:#ac0404; font-style:normal;font-weight:100;letter-spacing:0px;\" class=\"has-link-color wp-elements-135e148ebe4b2d3941e76e84bf301998 wp-block-post-date has-text-color has-white-color has-background\"><time datetime=\"2022-09-22T13:03:26+02:00\">2022-09-22<\/time><\/div>\n\n<div class=\"taxonomy-category wp-block-post-terms\"><a href=\"https:\/\/szenterzsebetiskolamor.hu\/wp\/category\/videok\/\" rel=\"tag\">Vide\u00f3k<\/a><span class=\"wp-block-post-terms__separator\">, <\/span><a href=\"https:\/\/szenterzsebetiskolamor.hu\/wp\/category\/videok\/videok-2122\/\" rel=\"tag\">Vide\u00f3k 21\/22<\/a><\/div><\/div>\n\n<\/li><li class=\"wp-block-post post-14283 post type-post status-publish format-standard hentry category-videok category-videok-2122\">\n<h2 class=\"wp-block-post-title\"><a href=\"https:\/\/szenterzsebetiskolamor.hu\/wp\/ballagok-kivonulasa-2022\/\" target=\"_self\" >Ballag\u00f3k kivonul\u00e1sa 2022<\/a><\/h2>\n\n\n<div class=\"wp-block-group is-content-justification-space-between is-nowrap is-layout-flex wp-container-core-group-is-layout-2 wp-block-group-is-layout-flex\"><div style=\"background-color:#ac0404; font-style:normal;font-weight:100;letter-spacing:0px;\" class=\"has-link-color wp-elements-135e148ebe4b2d3941e76e84bf301998 wp-block-post-date has-text-color has-white-color has-background\"><time datetime=\"2022-09-22T13:01:40+02:00\">2022-09-22<\/time><\/div>\n\n<div class=\"taxonomy-category wp-block-post-terms\"><a href=\"https:\/\/szenterzsebetiskolamor.hu\/wp\/category\/videok\/\" rel=\"tag\">Vide\u00f3k<\/a><span class=\"wp-block-post-terms__separator\">, <\/span><a href=\"https:\/\/szenterzsebetiskolamor.hu\/wp\/category\/videok\/videok-2122\/\" rel=\"tag\">Vide\u00f3k 21\/22<\/a><\/div><\/div>\n\n<\/li><li class=\"wp-block-post post-14281 post type-post status-publish format-standard hentry category-videok category-videok-2122\">\n<h2 class=\"wp-block-post-title\"><a href=\"https:\/\/szenterzsebetiskolamor.hu\/wp\/ballagok-bevonulasa-2022\/\" target=\"_self\" >Ballag\u00f3k bevonul\u00e1sa 2022<\/a><\/h2>\n\n\n<div class=\"wp-block-group is-content-justification-space-between is-nowrap is-layout-flex wp-container-core-group-is-layout-3 wp-block-group-is-layout-flex\"><div style=\"background-color:#ac0404; font-style:normal;font-weight:100;letter-spacing:0px;\" class=\"has-link-color wp-elements-135e148ebe4b2d3941e76e84bf301998 wp-block-post-date has-text-color has-white-color has-background\"><time datetime=\"2022-09-22T11:02:47+02:00\">2022-09-22<\/time><\/div>\n\n<div class=\"taxonomy-category wp-block-post-terms\"><a href=\"https:\/\/szenterzsebetiskolamor.hu\/wp\/category\/videok\/\" rel=\"tag\">Vide\u00f3k<\/a><span class=\"wp-block-post-terms__separator\">, <\/span><a href=\"https:\/\/szenterzsebetiskolamor.hu\/wp\/category\/videok\/videok-2122\/\" rel=\"tag\">Vide\u00f3k 21\/22<\/a><\/div><\/div>\n\n<\/li><li class=\"wp-block-post post-14099 post type-post status-publish format-standard hentry category-videok category-videok-2122\">\n<h2 class=\"wp-block-post-title\"><a href=\"https:\/\/szenterzsebetiskolamor.hu\/wp\/elsosok-avatasa-2021\/\" target=\"_self\" >Els\u0151s\u00f6k avat\u00e1sa 2021<\/a><\/h2>\n\n\n<div class=\"wp-block-group is-content-justification-space-between is-nowrap is-layout-flex wp-container-core-group-is-layout-4 wp-block-group-is-layout-flex\"><div style=\"background-color:#ac0404; font-style:normal;font-weight:100;letter-spacing:0px;\" class=\"has-link-color wp-elements-135e148ebe4b2d3941e76e84bf301998 wp-block-post-date has-text-color has-white-color has-background\"><time datetime=\"2021-12-21T12:06:04+02:00\">2021-12-21<\/time><\/div>\n\n<div class=\"taxonomy-category wp-block-post-terms\"><a href=\"https:\/\/szenterzsebetiskolamor.hu\/wp\/category\/videok\/\" rel=\"tag\">Vide\u00f3k<\/a><span class=\"wp-block-post-terms__separator\">, <\/span><a href=\"https:\/\/szenterzsebetiskolamor.hu\/wp\/category\/videok\/videok-2122\/\" rel=\"tag\">Vide\u00f3k 21\/22<\/a><\/div><\/div>\n\n<\/li><li class=\"wp-block-post post-14045 post type-post status-publish format-standard hentry category-videok category-videok-2122\">\n<h2 class=\"wp-block-post-title\"><a href=\"https:\/\/szenterzsebetiskolamor.hu\/wp\/enekkar-1956-2021\/\" target=\"_self\" >\u00c9nekkar 1956 2021.<\/a><\/h2>\n\n\n<div class=\"wp-block-group is-content-justification-space-between is-nowrap is-layout-flex wp-container-core-group-is-layout-5 wp-block-group-is-layout-flex\"><div style=\"background-color:#ac0404; font-style:normal;font-weight:100;letter-spacing:0px;\" class=\"has-link-color wp-elements-135e148ebe4b2d3941e76e84bf301998 wp-block-post-date has-text-color has-white-color has-background\"><time datetime=\"2021-10-28T19:24:48+02:00\">2021-10-28<\/time><\/div>\n\n<div class=\"taxonomy-category wp-block-post-terms\"><a href=\"https:\/\/szenterzsebetiskolamor.hu\/wp\/category\/videok\/\" rel=\"tag\">Vide\u00f3k<\/a><span class=\"wp-block-post-terms__separator\">, <\/span><a href=\"https:\/\/szenterzsebetiskolamor.hu\/wp\/category\/videok\/videok-2122\/\" rel=\"tag\">Vide\u00f3k 21\/22<\/a><\/div><\/div>\n\n<\/li><li class=\"wp-block-post post-14043 post type-post status-publish format-standard hentry category-videok category-videok-2122\">\n<h2 class=\"wp-block-post-title\"><a href=\"https:\/\/szenterzsebetiskolamor.hu\/wp\/oktober-23-hetedikesek-musora-2021\/\" target=\"_self\" >Okt\u00f3ber 23 Hetedikesek m\u0171sora 2021.<\/a><\/h2>\n\n\n<div class=\"wp-block-group is-content-justification-space-between is-nowrap is-layout-flex wp-container-core-group-is-layout-6 wp-block-group-is-layout-flex\"><div style=\"background-color:#ac0404; font-style:normal;font-weight:100;letter-spacing:0px;\" class=\"has-link-color wp-elements-135e148ebe4b2d3941e76e84bf301998 wp-block-post-date has-text-color has-white-color has-background\"><time datetime=\"2021-10-28T19:23:34+02:00\">2021-10-28<\/time><\/div>\n\n<div class=\"taxonomy-category wp-block-post-terms\"><a href=\"https:\/\/szenterzsebetiskolamor.hu\/wp\/category\/videok\/\" rel=\"tag\">Vide\u00f3k<\/a><span class=\"wp-block-post-terms__separator\">, <\/span><a href=\"https:\/\/szenterzsebetiskolamor.hu\/wp\/category\/videok\/videok-2122\/\" rel=\"tag\">Vide\u00f3k 21\/22<\/a><\/div><\/div>\n\n<\/li><li class=\"wp-block-post post-14041 post type-post status-publish format-standard hentry category-videok category-videok-2122\">\n<h2 class=\"wp-block-post-title\"><a href=\"https:\/\/szenterzsebetiskolamor.hu\/wp\/enekkar-magyarnak-szulettem-2021\/\" target=\"_self\" >\u00c9nekkar Magyarnak sz\u00fclettem 2021.<\/a><\/h2>\n\n\n<div class=\"wp-block-group is-content-justification-space-between is-nowrap is-layout-flex wp-container-core-group-is-layout-7 wp-block-group-is-layout-flex\"><div style=\"background-color:#ac0404; font-style:normal;font-weight:100;letter-spacing:0px;\" class=\"has-link-color wp-elements-135e148ebe4b2d3941e76e84bf301998 wp-block-post-date has-text-color has-white-color has-background\"><time datetime=\"2021-10-28T19:22:14+02:00\">2021-10-28<\/time><\/div>\n\n<div class=\"taxonomy-category wp-block-post-terms\"><a href=\"https:\/\/szenterzsebetiskolamor.hu\/wp\/category\/videok\/\" rel=\"tag\">Vide\u00f3k<\/a><span class=\"wp-block-post-terms__separator\">, <\/span><a href=\"https:\/\/szenterzsebetiskolamor.hu\/wp\/category\/videok\/videok-2122\/\" rel=\"tag\">Vide\u00f3k 21\/22<\/a><\/div><\/div>\n\n<\/li><li class=\"wp-block-post post-14039 post type-post status-publish format-standard hentry category-videok category-videok-2122\">\n<h2 class=\"wp-block-post-title\"><a href=\"https:\/\/szenterzsebetiskolamor.hu\/wp\/iskolaba-keszulo-ovisokat-lattunk-vendegul-2021\/\" target=\"_self\" >Iskol\u00e1ba k\u00e9sz\u00fcl\u0151 ovisokat l\u00e1ttunk vend\u00e9g\u00fcl 2021.<\/a><\/h2>\n\n\n<div class=\"wp-block-group is-content-justification-space-between is-nowrap is-layout-flex wp-container-core-group-is-layout-8 wp-block-group-is-layout-flex\"><div style=\"background-color:#ac0404; font-style:normal;font-weight:100;letter-spacing:0px;\" class=\"has-link-color wp-elements-135e148ebe4b2d3941e76e84bf301998 wp-block-post-date has-text-color has-white-color has-background\"><time datetime=\"2021-10-28T19:21:21+02:00\">2021-10-28<\/time><\/div>\n\n<div class=\"taxonomy-category wp-block-post-terms\"><a href=\"https:\/\/szenterzsebetiskolamor.hu\/wp\/category\/videok\/\" rel=\"tag\">Vide\u00f3k<\/a><span class=\"wp-block-post-terms__separator\">, <\/span><a href=\"https:\/\/szenterzsebetiskolamor.hu\/wp\/category\/videok\/videok-2122\/\" rel=\"tag\">Vide\u00f3k 21\/22<\/a><\/div><\/div>\n\n<\/li><li class=\"wp-block-post post-14037 post type-post status-publish format-standard hentry category-videok category-videok-2122\">\n<h2 class=\"wp-block-post-title\"><a href=\"https:\/\/szenterzsebetiskolamor.hu\/wp\/elsoseink-elso-napja-az-iskolaban-2021\/\" target=\"_self\" >Els\u0151seink els\u0151 napja az iskol\u00e1ban 2021.<\/a><\/h2>\n\n\n<div class=\"wp-block-group is-content-justification-space-between is-nowrap is-layout-flex wp-container-core-group-is-layout-9 wp-block-group-is-layout-flex\"><div style=\"background-color:#ac0404; font-style:normal;font-weight:100;letter-spacing:0px;\" class=\"has-link-color wp-elements-135e148ebe4b2d3941e76e84bf301998 wp-block-post-date has-text-color has-white-color has-background\"><time datetime=\"2021-10-28T19:20:32+02:00\">2021-10-28<\/time><\/div>\n\n<div class=\"taxonomy-category wp-block-post-terms\"><a href=\"https:\/\/szenterzsebetiskolamor.hu\/wp\/category\/videok\/\" rel=\"tag\">Vide\u00f3k<\/a><span class=\"wp-block-post-terms__separator\">, <\/span><a href=\"https:\/\/szenterzsebetiskolamor.hu\/wp\/category\/videok\/videok-2122\/\" rel=\"tag\">Vide\u00f3k 21\/22<\/a><\/div><\/div>\n\n<\/li><\/ul>\n\n\n\n<\/div>\n","protected":false},"excerpt":{"rendered":"","protected":false},"author":1,"featured_media":0,"parent":21,"menu_order":0,"comment_status":"closed","ping_status":"closed","template":"","meta":{"footnotes":""},"class_list":["post-13772","page","type-page","status-publish","hentry"],"_links":{"self":[{"href":"https:\/\/szenterzsebetiskolamor.hu\/wp\/wp-json\/wp\/v2\/pages\/13772","targetHints":{"allow":["GET"]}}],"collection":[{"href":"https:\/\/szenterzsebetiskolamor.hu\/wp\/wp-json\/wp\/v2\/pages"}],"about":[{"href":"https:\/\/szenterzsebetiskolamor.hu\/wp\/wp-json\/wp\/v2\/types\/page"}],"author":[{"embeddable":true,"href":"https:\/\/szenterzsebetiskolamor.hu\/wp\/wp-json\/wp\/v2\/users\/1"}],"replies":[{"embeddable":true,"href":"https:\/\/szenterzsebetiskolamor.hu\/wp\/wp-json\/wp\/v2\/comments?post=13772"}],"version-history":[{"count":3,"href":"https:\/\/szenterzsebetiskolamor.hu\/wp\/wp-json\/wp\/v2\/pages\/13772\/revisions"}],"predecessor-version":[{"id":19328,"href":"https:\/\/szenterzsebetiskolamor.hu\/wp\/wp-json\/wp\/v2\/pages\/13772\/revisions\/19328"}],"up":[{"embeddable":true,"href":"https:\/\/szenterzsebetiskolamor.hu\/wp\/wp-json\/wp\/v2\/pages\/21"}],"wp:attachment":[{"href":"https:\/\/szenterzsebetiskolamor.hu\/wp\/wp-json\/wp\/v2\/media?parent=13772"}],"curies":[{"name":"wp","href":"https:\/\/api.w.org\/{rel}","templated":true}]}}