{"id":11,"date":"2014-01-29T11:54:46","date_gmt":"2014-01-29T11:54:46","guid":{"rendered":"http:\/\/szenterzsebetiskolamor.hu\/wp\/?page_id=11"},"modified":"2014-04-22T15:56:33","modified_gmt":"2014-04-22T14:56:33","slug":"uj-tanulok-felvetele","status":"publish","type":"page","link":"https:\/\/szenterzsebetiskolamor.hu\/wp\/uj-tanulok-felvetele\/","title":{"rendered":"\u00daj tanul\u00f3k felv\u00e9tele"},"content":{"rendered":"<p>El\u00e9rhet\u0151 men\u00fcpontok:<\/p>\n<ul>\n<li><a title=\"Sz\u00fcl\u0151i t\u00e1j\u00e9koztat\u00f3k\" href=\"http:\/\/szenterzsebetiskolamor.hu\/wp\/szuloi-tajekoztatok\/\">Sz\u00fcl\u0151i t\u00e1j\u00e9koztat\u00f3k<\/a><\/li>\n<li><a title=\"J\u00e1tsz\u00f3h\u00e1zak\" href=\"http:\/\/szenterzsebetiskolamor.hu\/wp\/jatszohazak\/\">J\u00e1tsz\u00f3h\u00e1zak<\/a><\/li>\n<li><a title=\"Bemutat\u00f3 \u00f3r\u00e1k\" href=\"http:\/\/szenterzsebetiskolamor.hu\/wp\/bemutato-orak\/\">Bemutat\u00f3 \u00f3r\u00e1k<\/a><\/li>\n<li><a title=\"Beirat\u00e1si id\u0151pontok\" href=\"http:\/\/szenterzsebetiskolamor.hu\/wp\/beiratasi-idopontok\/\">Beirat\u00e1si id\u0151pontok<\/a><\/li>\n<li><a title=\"Felvett tanul\u00f3k n\u00e9vsora\" href=\"http:\/\/szenterzsebetiskolamor.hu\/wp\/felvett-tanulok-nevsora\/\">Felvett tanul\u00f3k n\u00e9vsora<\/a><\/li>\n<li><a title=\"Leend\u0151 els\u0151seink tanterme\" href=\"http:\/\/szenterzsebetiskolamor.hu\/wp\/leendo-elsoseink-tanterme\/\">Leend\u0151 els\u0151seink tanterme<\/a><\/li>\n<\/ul>\n","protected":false},"excerpt":{"rendered":"<p>El\u00e9rhet\u0151 men\u00fcpontok: Sz\u00fcl\u0151i t\u00e1j\u00e9koztat\u00f3k J\u00e1tsz\u00f3h\u00e1zak Bemutat\u00f3 \u00f3r\u00e1k Beirat\u00e1si id\u0151pontok Felvett tanul\u00f3k n\u00e9vsora Leend\u0151 els\u0151seink tanterme<\/p>\n","protected":false},"author":1,"featured_media":0,"parent":0,"menu_order":0,"comment_status":"open","ping_status":"open","template":"","meta":{"footnotes":""},"class_list":["post-11","page","type-page","status-publish","hentry"],"_links":{"self":[{"href":"https:\/\/szenterzsebetiskolamor.hu\/wp\/wp-json\/wp\/v2\/pages\/11","targetHints":{"allow":["GET"]}}],"collection":[{"href":"https:\/\/szenterzsebetiskolamor.hu\/wp\/wp-json\/wp\/v2\/pages"}],"about":[{"href":"https:\/\/szenterzsebetiskolamor.hu\/wp\/wp-json\/wp\/v2\/types\/page"}],"author":[{"embeddable":true,"href":"https:\/\/szenterzsebetiskolamor.hu\/wp\/wp-json\/wp\/v2\/users\/1"}],"replies":[{"embeddable":true,"href":"https:\/\/szenterzsebetiskolamor.hu\/wp\/wp-json\/wp\/v2\/comments?post=11"}],"version-history":[{"count":4,"href":"https:\/\/szenterzsebetiskolamor.hu\/wp\/wp-json\/wp\/v2\/pages\/11\/revisions"}],"predecessor-version":[{"id":308,"href":"https:\/\/szenterzsebetiskolamor.hu\/wp\/wp-json\/wp\/v2\/pages\/11\/revisions\/308"}],"wp:attachment":[{"href":"https:\/\/szenterzsebetiskolamor.hu\/wp\/wp-json\/wp\/v2\/media?parent=11"}],"curies":[{"name":"wp","href":"https:\/\/api.w.org\/{rel}","templated":true}]}}